{"id":3671,"date":"2025-08-04T08:36:44","date_gmt":"2025-08-04T13:36:44","guid":{"rendered":"https:\/\/eespquillabamba.edu.pe\/?page_id=3671"},"modified":"2026-02-02T00:30:51","modified_gmt":"2026-02-02T05:30:51","slug":"bolsa-de-trabajo-2","status":"publish","type":"page","link":"https:\/\/eespquillabamba.edu.pe\/index.php\/bolsa-de-trabajo-2\/","title":{"rendered":"Bolsa de Trabajo"},"content":{"rendered":"\n<p class=\"has-black-color has-light-green-cyan-background-color has-text-color has-background has-link-color has-medium-font-size wp-elements-dffc66961c11dc15243afb94e4c55503\">La unidad Unidad de Bienestar y Empleabilidad, pone a tu disposici\u00f3n la bolsa de trabajo.<br>Podr\u00e1s acceder a todas las ofertas laborales activas a nivel provincial y regional.<\/p>\n\n\n\n<p class=\"has-black-color has-luminous-vivid-amber-background-color has-text-color has-background has-link-color has-medium-font-size wp-elements-65dbdf9f1a8583b26a6301cf15e6bf82\"><strong>Beneficios para ti:<\/strong><\/p>\n\n\n\n<ul class=\"wp-block-list has-black-color has-light-green-cyan-background-color has-text-color has-background has-link-color wp-elements-0edfac81e0b0cc613ce0b8501e5c7684\">\n<li class=\"has-medium-font-size\">Acceso centralizado: Encuentran en un solo lugar m\u00faltiples ofertas de trabajo relacionadas con su formaci\u00f3n y experiencia.<\/li>\n\n\n\n<li class=\"has-black-color has-text-color has-medium-font-size\">Oportunidades actualizadas: Informaci\u00f3n vigente sobre convocatorias, concursos y plazas disponibles.<\/li>\n\n\n\n<li class=\"has-medium-font-size\">Igualdad de oportunidades: Mayor alcance para postulantes de zonas rurales o con menos contactos profesionales.<\/li>\n<\/ul>\n\n\n\n<p class=\"has-black-color has-luminous-vivid-amber-background-color has-text-color has-background has-link-color wp-elements-f8e71f1ca8b6794c9332b1615fe22b03\"><strong>Para ingresar a visualizar los puestos disponibles darle click en la imagen.<\/strong><\/p>\n\n\n\n<html>\n<head>\n<meta charset=\"utf-8\">\n<title>Documento sin t\u00edtulo<\/title>\n<\/head>\n\n<body>\n<table width=\"200\" border=\"0\" align=\"center\">\n  <tbody>\n    <tr>\n      <td><p><a href=\"https:\/\/portal.ugelpkvv.gob.pe\/contratos-docente-2026\/\"><img loading=\"lazy\" decoding=\"async\" src=\"http:\/\/eespquillabamba.edu.pe\/wp-content\/uploads\/2025\/08\/ugel-pichari-logo.png\" width=\"203\" height=\"208\"\/><\/a><\/p>\n      <p>Click para Ingresar<\/p><\/td>\n      <td><p><a href=\"https:\/\/www.ugellaconvencion.gob.pe\/lc\/paginas\/pcd2026.html\"><img loading=\"lazy\" decoding=\"async\" src=\"http:\/\/eespquillabamba.edu.pe\/wp-content\/uploads\/2025\/08\/288195676_101145282646303_8620550158982456035_n.png\" width=\"216\" height=\"210\"\/><\/a><\/p>\n      <p>Click para Ingresar<\/p><\/td>\n    <\/tr>\n    <tr>\n      <td><p><a href=\"https:\/\/web.gereducusco.gob.pe\/convocatorias-geredu-cusco\/\"><img loading=\"lazy\" decoding=\"async\" src=\"http:\/\/eespquillabamba.edu.pe\/wp-content\/uploads\/2025\/08\/images.jpg\" width=\"214\" height=\"218\"\/><\/a><\/p>\n      <p>Click para Ingresar<\/p><\/td>\n      <td><p><a href=\"https:\/\/www.ugelurubamba.gob.pe\/comunicado\/comunicado\"><img decoding=\"async\" src=\"http:\/\/eespquillabamba.edu.pe\/wp-content\/uploads\/2025\/08\/logo_ugel.png\"\/><\/a><\/p>\n      <p>Click para Ingresar<\/p><\/td>\n    <\/tr>\n  <\/tbody>\n<\/table>\n<\/body>\n<\/html>\n\n\n\n<p><\/p>\n","protected":false},"excerpt":{"rendered":"<p>La unidad Unidad de Bienestar y Empleabilidad, pone a tu disposici\u00f3n la bolsa de trabajo.Podr\u00e1s acceder a todas las ofertas laborales activas a nivel provincial y regional. Beneficios para ti: Acceso centralizado: Encuentran en un solo lugar m\u00faltiples ofertas de trabajo relacionadas con su formaci\u00f3n y experiencia. Oportunidades actualizadas: Informaci\u00f3n vigente sobre convocatorias, concursos y &hellip;<\/p>\n","protected":false},"author":1,"featured_media":0,"parent":0,"menu_order":0,"comment_status":"closed","ping_status":"closed","template":"","meta":{"footnotes":""},"class_list":["post-3671","page","type-page","status-publish","hentry"],"_links":{"self":[{"href":"https:\/\/eespquillabamba.edu.pe\/index.php\/wp-json\/wp\/v2\/pages\/3671","targetHints":{"allow":["GET"]}}],"collection":[{"href":"https:\/\/eespquillabamba.edu.pe\/index.php\/wp-json\/wp\/v2\/pages"}],"about":[{"href":"https:\/\/eespquillabamba.edu.pe\/index.php\/wp-json\/wp\/v2\/types\/page"}],"author":[{"embeddable":true,"href":"https:\/\/eespquillabamba.edu.pe\/index.php\/wp-json\/wp\/v2\/users\/1"}],"replies":[{"embeddable":true,"href":"https:\/\/eespquillabamba.edu.pe\/index.php\/wp-json\/wp\/v2\/comments?post=3671"}],"version-history":[{"count":18,"href":"https:\/\/eespquillabamba.edu.pe\/index.php\/wp-json\/wp\/v2\/pages\/3671\/revisions"}],"predecessor-version":[{"id":3914,"href":"https:\/\/eespquillabamba.edu.pe\/index.php\/wp-json\/wp\/v2\/pages\/3671\/revisions\/3914"}],"wp:attachment":[{"href":"https:\/\/eespquillabamba.edu.pe\/index.php\/wp-json\/wp\/v2\/media?parent=3671"}],"curies":[{"name":"wp","href":"https:\/\/api.w.org\/{rel}","templated":true}]}}