{"id":3344,"date":"2024-08-02T09:24:39","date_gmt":"2024-08-02T14:24:39","guid":{"rendered":"https:\/\/eespquillabamba.edu.pe\/?page_id=3344"},"modified":"2026-04-19T19:44:48","modified_gmt":"2026-04-20T00:44:48","slug":"unidad-de-bienestar-y-empleabilidad","status":"publish","type":"page","link":"https:\/\/eespquillabamba.edu.pe\/index.php\/unidad-de-bienestar-y-empleabilidad\/","title":{"rendered":"Unidad de Bienestar y Empleabilidad"},"content":{"rendered":"<div class=\"wp-block-image\">\n<figure class=\"aligncenter size-large is-resized\"><img loading=\"lazy\" decoding=\"async\" width=\"1024\" height=\"550\" src=\"https:\/\/eespquillabamba.edu.pe\/wp-content\/uploads\/2024\/08\/image-1024x550.png\" alt=\"\" class=\"wp-image-3348\" style=\"width:335px;height:auto\" srcset=\"https:\/\/eespquillabamba.edu.pe\/wp-content\/uploads\/2024\/08\/image-1024x550.png 1024w, https:\/\/eespquillabamba.edu.pe\/wp-content\/uploads\/2024\/08\/image-300x161.png 300w, https:\/\/eespquillabamba.edu.pe\/wp-content\/uploads\/2024\/08\/image-768x413.png 768w, https:\/\/eespquillabamba.edu.pe\/wp-content\/uploads\/2024\/08\/image.png 1470w\" sizes=\"auto, (max-width: 1024px) 100vw, 1024px\" \/><\/figure>\n<\/div>\n\n\n<p><strong>Servicio de Soporte Psicopedag\u00f3gico<\/strong><\/p>\n\n\n\n<p><strong>\u00bfQu\u00e9 es el Servicio de Soporte Psicopedag\u00f3gico?<\/strong><\/p>\n\n\n\n<figure class=\"wp-block-image size-full is-resized\"><img loading=\"lazy\" decoding=\"async\" width=\"512\" height=\"512\" src=\"https:\/\/eespquillabamba.edu.pe\/wp-content\/uploads\/2024\/08\/image-2.png\" alt=\"\" class=\"wp-image-3366\" style=\"width:210px;height:auto\" srcset=\"https:\/\/eespquillabamba.edu.pe\/wp-content\/uploads\/2024\/08\/image-2.png 512w, https:\/\/eespquillabamba.edu.pe\/wp-content\/uploads\/2024\/08\/image-2-300x300.png 300w, https:\/\/eespquillabamba.edu.pe\/wp-content\/uploads\/2024\/08\/image-2-150x150.png 150w\" sizes=\"auto, (max-width: 512px) 100vw, 512px\" \/><\/figure>\n\n\n\n<p>Es parte de los servicios complementarios de la Unidad de Bienestar Estudiantil.<br>Contribuye al Bienestar emocional y educativo de los estudiantes, favoreciendo su \u00e9xito acad\u00e9mico y personal.<\/p>\n\n\n\n<figure class=\"wp-block-table\"><table class=\"has-fixed-layout\"><tbody><tr><td><strong>Denominaci\u00f3n<\/strong><\/td><td class=\"has-text-align-center\" data-align=\"center\"><strong>Descargar<\/strong><\/td><\/tr><tr><td>Mayor Informaci\u00f3n <\/td><td class=\"has-text-align-center\" data-align=\"center\"><a href=\"http:\/\/eespquillabamba.edu.pe\/wp-content\/uploads\/2024\/08\/Servicio-de-Soporte-Psicopedagogico.pdf\"><img loading=\"lazy\" decoding=\"async\" width=\"80\" height=\"84\" class=\"wp-image-2663\" style=\"width: 80px;\" src=\"http:\/\/eespquillabamba.edu.pe\/wp-content\/uploads\/2022\/08\/pdf.png\" alt=\"\"><\/a><\/td><\/tr><\/tbody><\/table><\/figure>\n\n\n\n<p><strong>Servicio de Soporte M\u00e9dico<\/strong><\/p>\n\n\n\n<p><strong>\u00bfQu\u00e9 es el Servicio de Soporte M\u00e9dico?<\/strong><\/p>\n\n\n\n<figure class=\"wp-block-image size-full is-resized\"><img loading=\"lazy\" decoding=\"async\" width=\"950\" height=\"582\" src=\"https:\/\/eespquillabamba.edu.pe\/wp-content\/uploads\/2024\/08\/image-4.png\" alt=\"\" class=\"wp-image-3371\" style=\"width:292px;height:auto\" srcset=\"https:\/\/eespquillabamba.edu.pe\/wp-content\/uploads\/2024\/08\/image-4.png 950w, https:\/\/eespquillabamba.edu.pe\/wp-content\/uploads\/2024\/08\/image-4-300x184.png 300w, https:\/\/eespquillabamba.edu.pe\/wp-content\/uploads\/2024\/08\/image-4-768x471.png 768w\" sizes=\"auto, (max-width: 950px) 100vw, 950px\" \/><\/figure>\n\n\n\n<p>Es un consultorio de asistencia inmediata de atenci\u00f3n de la salud al estudiante, docente y personal administrativo desarrollando los objetivos de un buen estado. El t\u00f3pico se enfoca en proporcionar atenci\u00f3n de salud primaria y crear un entorno seguro que contribuye el bienestar f\u00edsico y emocional de los estudiantes.<\/p>\n\n\n\n<figure class=\"wp-block-table\"><table class=\"has-fixed-layout\"><tbody><tr><td><strong>Denominaci\u00f3n<\/strong><\/td><td class=\"has-text-align-center\" data-align=\"center\"><strong>Descargar<\/strong><\/td><\/tr><tr><td>Mayor Informaci\u00f3n <\/td><td class=\"has-text-align-center\" data-align=\"center\"><a href=\"http:\/\/eespquillabamba.edu.pe\/wp-content\/uploads\/2024\/08\/Servicio-de-Soporte-Medico.pdf\"><img loading=\"lazy\" decoding=\"async\" width=\"80\" height=\"84\" class=\"wp-image-2663\" style=\"width: 80px;\" src=\"http:\/\/eespquillabamba.edu.pe\/wp-content\/uploads\/2022\/08\/pdf.png\" alt=\"\"><\/a><\/td><\/tr><\/tbody><\/table><\/figure>\n\n\n\n<p><strong>Servicio de Asistencia Social<\/strong><\/p>\n\n\n\n<p><strong>\u00bfQu\u00e9 es el Servicio de Asistencia Social?<\/strong><\/p>\n\n\n\n<figure class=\"wp-block-image size-full\"><img loading=\"lazy\" decoding=\"async\" width=\"520\" height=\"397\" src=\"https:\/\/eespquillabamba.edu.pe\/wp-content\/uploads\/2024\/08\/image-7.png\" alt=\"\" class=\"wp-image-3390\" srcset=\"https:\/\/eespquillabamba.edu.pe\/wp-content\/uploads\/2024\/08\/image-7.png 520w, https:\/\/eespquillabamba.edu.pe\/wp-content\/uploads\/2024\/08\/image-7-300x229.png 300w\" sizes=\"auto, (max-width: 520px) 100vw, 520px\" \/><\/figure>\n\n\n\n<p>Se dedica a impulsar el desarrollo integral de la comunidad educativa. A trav\u00e9s de servicios accesibles y centrados en la persona, promovemos el crecimiento social, educativo y personal de los estudiantes. Nuestra labor fortalece la interacci\u00f3n entre la escuela y la familia, creando un ambiente educativo positivo y propicio.<\/p>\n\n\n\n<figure class=\"wp-block-image size-large\"><img loading=\"lazy\" decoding=\"async\" width=\"1024\" height=\"507\" src=\"https:\/\/eespquillabamba.edu.pe\/wp-content\/uploads\/2024\/08\/image-6-1024x507.png\" alt=\"\" class=\"wp-image-3385\" srcset=\"https:\/\/eespquillabamba.edu.pe\/wp-content\/uploads\/2024\/08\/image-6-1024x507.png 1024w, https:\/\/eespquillabamba.edu.pe\/wp-content\/uploads\/2024\/08\/image-6-300x149.png 300w, https:\/\/eespquillabamba.edu.pe\/wp-content\/uploads\/2024\/08\/image-6-768x380.png 768w, https:\/\/eespquillabamba.edu.pe\/wp-content\/uploads\/2024\/08\/image-6.png 1282w\" sizes=\"auto, (max-width: 1024px) 100vw, 1024px\" \/><\/figure>\n\n\n\n<figure class=\"wp-block-table\"><table class=\"has-fixed-layout\"><tbody><tr><td><strong>Denominaci\u00f3n<\/strong><\/td><td class=\"has-text-align-center\" data-align=\"center\"><strong>Descargar<\/strong><\/td><\/tr><tr><td>Mayor Informaci\u00f3n <\/td><td class=\"has-text-align-center\" data-align=\"center\"><a href=\"http:\/\/eespquillabamba.edu.pe\/wp-content\/uploads\/2024\/08\/Asistencia-Social.pdf\"><img loading=\"lazy\" decoding=\"async\" width=\"80\" height=\"84\" class=\"wp-image-2663\" style=\"width: 80px;\" src=\"http:\/\/eespquillabamba.edu.pe\/wp-content\/uploads\/2022\/08\/pdf.png\" alt=\"\"><\/a><\/td><\/tr><\/tbody><\/table><\/figure>\n\n\n\n<figure class=\"wp-block-table\"><table class=\"has-fixed-layout\"><tbody><tr><td>\u00bfNecesitas Ayuda?&nbsp;<\/td><\/tr><\/tbody><\/table><\/figure>\n\n\n\n<p><strong><em>Estamos aqu\u00ed para ti. Comun\u00edcate con nuestro equipo de bienestar:<\/em><\/strong><\/p>\n\n\n\n<p><strong>Correo Electr\u00f3nico:<\/strong> <a href=\"mailto:bienestar@institutoquillabamba.edu.pe\">bienestar@institutoquillabamba.edu.pe<\/a><\/p>\n\n\n\n<p><strong>Oficina F\u00edsica:<\/strong><\/p>\n\n\n\n<p><strong>En Quillabamba<\/strong>, Jr. Kumpirishiato Nro. S\/N Quillabamba (Costado Colegio la Convencion) Cusco &#8211; la Convencion &#8211; Santa Ana &#8211; Tel\u00e9fono 918996684<\/p>\n\n\n\n<p><strong>En Pichari,<\/strong> Centro Poblado Pichari MZ T4 Lote 1 Sector Mariscal Caceres, Cusco &#8211; la Convencion &#8211; Pichari &#8211; Tel\u00e9fono 910961238.<\/p>\n\n\n\n<p><\/p>\n","protected":false},"excerpt":{"rendered":"<p>Servicio de Soporte Psicopedag\u00f3gico \u00bfQu\u00e9 es el Servicio de Soporte Psicopedag\u00f3gico? Es parte de los servicios complementarios de la Unidad de Bienestar Estudiantil.Contribuye al Bienestar emocional y educativo de los estudiantes, favoreciendo su \u00e9xito acad\u00e9mico y personal. Denominaci\u00f3nDescargarMayor Informaci\u00f3n Servicio de Soporte M\u00e9dico \u00bfQu\u00e9 es el Servicio de Soporte M\u00e9dico? Es un consultorio de asistencia &hellip;<\/p>\n","protected":false},"author":1,"featured_media":0,"parent":0,"menu_order":0,"comment_status":"closed","ping_status":"closed","template":"","meta":{"footnotes":""},"class_list":["post-3344","page","type-page","status-publish","hentry"],"_links":{"self":[{"href":"https:\/\/eespquillabamba.edu.pe\/index.php\/wp-json\/wp\/v2\/pages\/3344","targetHints":{"allow":["GET"]}}],"collection":[{"href":"https:\/\/eespquillabamba.edu.pe\/index.php\/wp-json\/wp\/v2\/pages"}],"about":[{"href":"https:\/\/eespquillabamba.edu.pe\/index.php\/wp-json\/wp\/v2\/types\/page"}],"author":[{"embeddable":true,"href":"https:\/\/eespquillabamba.edu.pe\/index.php\/wp-json\/wp\/v2\/users\/1"}],"replies":[{"embeddable":true,"href":"https:\/\/eespquillabamba.edu.pe\/index.php\/wp-json\/wp\/v2\/comments?post=3344"}],"version-history":[{"count":18,"href":"https:\/\/eespquillabamba.edu.pe\/index.php\/wp-json\/wp\/v2\/pages\/3344\/revisions"}],"predecessor-version":[{"id":4017,"href":"https:\/\/eespquillabamba.edu.pe\/index.php\/wp-json\/wp\/v2\/pages\/3344\/revisions\/4017"}],"wp:attachment":[{"href":"https:\/\/eespquillabamba.edu.pe\/index.php\/wp-json\/wp\/v2\/media?parent=3344"}],"curies":[{"name":"wp","href":"https:\/\/api.w.org\/{rel}","templated":true}]}}