{"id":2783,"date":"2022-10-01T21:32:45","date_gmt":"2022-10-02T02:32:45","guid":{"rendered":"https:\/\/eespquillabamba.edu.pe\/?page_id=2783"},"modified":"2026-04-09T09:32:39","modified_gmt":"2026-04-09T14:32:39","slug":"transparencia-ley-30512","status":"publish","type":"page","link":"https:\/\/eespquillabamba.edu.pe\/index.php\/transparencia-ley-30512\/","title":{"rendered":"Transparencia Ley 30512"},"content":{"rendered":"\n<p><\/p>\n\n\n\n<div class=\"wp-block-group\"><div class=\"wp-block-group__inner-container is-layout-constrained wp-block-group-is-layout-constrained\">\n<p><strong>Art\u00edculo 42. Transparencia de los IES y EES p\u00fablicos y privados.<\/strong><\/p>\n<p><strong>\n\t\t<div class=\"box success  \">\n\t\t\t<div class=\"box-inner-block\">\n\t\t\t\t<span class=\"fa tie-shortcode-boxicon\"><\/span> Los IES y EES p\u00fablicos y privados tienen la obligaci\u00f3n de publicar en sus portales institucionales, en forma permanente y actualizada, sin perjuicio de la exigida por las normas de la materia, la informaci\u00f3n correspondiente como m\u00ednimo a:\n\t\t\t<\/div>\n\t\t<\/div>\n\t<\/strong><\/p>\n<\/div><\/div>\n\n\n\n<h3 class=\"wp-block-heading\">Rubros<\/h3>\n\n\n\n<div class=\"wp-block-group\"><div class=\"wp-block-group__inner-container is-layout-constrained wp-block-group-is-layout-constrained\">\n<p><strong>\n\t\t<div class=\"clearfix\"><\/div>\n\t\t<div class=\"toggle tie-sc-open\">\n\t\t\t<h3 class=\"toggle-head\">Becas cr\u00e9ditos educativos <span class=\"fa fa-angle-down\" aria-hidden=\"true\"><\/span><\/h3>\n\t\t\t<div class=\"toggle-content\"><a href=\"https:\/\/drive.google.com\/file\/d\/1YmLHQDGzwqzeIhZ7my15D2LSdvQ3WK5_\/view?usp=sharing\"><span class=\"tie-dropcap \">R<\/span>elaci\u00f3n y n\u00famero de becas y cr\u00e9ditos educativos otorgados en el a\u00f1o en curso.<\/a>\n\t\t\t<\/div>\n\t\t<\/div>\n\t<\/strong><\/p>\n<p><strong>\n\t\t<div class=\"clearfix\"><\/div>\n\t\t<div class=\"toggle tie-sc-close\">\n\t\t\t<h3 class=\"toggle-head\">Derechos, tasas, u otros pagos <span class=\"fa fa-angle-down\" aria-hidden=\"true\"><\/span><\/h3>\n\t\t\t<div class=\"toggle-content\"> <a href=\"https:\/\/drive.google.com\/file\/d\/1xGzI4ESPkGeshECWiUcRrSJH1WY0_euB\/view?usp=sharing\"><span class=\"tie-dropcap \">R<\/span>elaci\u00f3n de derechos, tasas, montos de pensiones u otros pagos que deben realizar los estudiantes por toda \u00edndole, seg\u00fan corresponda.<\/a>\n\t\t\t<\/div>\n\t\t<\/div>\n\t<\/strong><\/p>\n<p><strong>\n\t\t<div class=\"clearfix\"><\/div>\n\t\t<div class=\"toggle tie-sc-close\">\n\t\t\t<h3 class=\"toggle-head\">Proyectos de investigaci\u00f3n <span class=\"fa fa-angle-down\" aria-hidden=\"true\"><\/span><\/h3>\n\t\t\t<div class=\"toggle-content\"> <span class=\"tie-dropcap \"><a href=\"https:\/\/drive.google.com\/drive\/folders\/1DJyG0aerzeqYY-DEYZ7M8DVmDRAf2iRs?usp=sharing\">P<\/span>royectos de investigaci\u00f3n<\/a> y los gastos que genere, &amp; <a href=\"https:\/\/eespquillabamba.edu.pe\/index.php\/investigacion\/\">Trabajos de Investigaci\u00f3n Aprobados<\/a>\n\t\t\t<\/div>\n\t\t<\/div>\n\t<\/strong><\/p>\n<p><strong>\n\t\t<div class=\"clearfix\"><\/div>\n\t\t<div class=\"toggle tie-sc-close\">\n\t\t\t<h3 class=\"toggle-head\">Cuerpo docente, hojas de vida y materias <span class=\"fa fa-angle-down\" aria-hidden=\"true\"><\/span><\/h3>\n\t\t\t<div class=\"toggle-content\"> <strong style=\"font-size: revert; color: initial;\"><a href=\"https:\/\/drive.google.com\/file\/d\/1YgSHvWAKXg_NloMPD5cPcwMsGhdUv7rU\/view?usp=sharing\">Conformaci\u00f3n del cuerpo docente<\/a>, sus respectivas <a href=\"https:\/\/drive.google.com\/drive\/folders\/1FsK6sa9OF-ibs5tL0obrtNUwPA9wGBQs?usp=sharing\">hojas de vida actualizadas<\/a> y las <a href=\"https:\/\/drive.google.com\/file\/d\/1YgSHvWAKXg_NloMPD5cPcwMsGhdUv7rU\/view?usp=sharing\">materias en las que se desempe\u00f1a<\/a><\/strong>\n\t\t\t<\/div>\n\t\t<\/div>\n\t<\/strong><\/p>\n<p><strong>\n\t\t<div class=\"clearfix\"><\/div>\n\t\t<div class=\"toggle tie-sc-close\">\n\t\t\t<h3 class=\"toggle-head\">Ingresantes, Matriculados y Egresados <span class=\"fa fa-angle-down\" aria-hidden=\"true\"><\/span><\/h3>\n\t\t\t<div class=\"toggle-content\"> <span class=\"tie-dropcap \"><a href=\"https:\/\/drive.google.com\/file\/d\/1fKl0sPqi4z3WfzTeI_o_3KB-6ijhZM2T\/view?usp=sharing\">E<\/span>l n\u00famero de ingresantes, matriculados y egresados por a\u00f1o y programa formativo<\/a>\n\t\t\t<\/div>\n\t\t<\/div>\n\t<\/strong><\/p>\n<p><strong>\n\t\t<div class=\"clearfix\"><\/div>\n\t\t<div class=\"toggle tie-sc-close\">\n\t\t\t<h3 class=\"toggle-head\">Programas de Estudios, Horarios y procesos Matr\u00edcula <span class=\"fa fa-angle-down\" aria-hidden=\"true\"><\/span><\/h3>\n\t\t\t<div class=\"toggle-content\"> <a href=\"https:\/\/drive.google.com\/drive\/folders\/1aU4wL0NkLfh63AuoQ5JX9cGXxpFLmZWz?usp=sharing\"><span class=\"tie-dropcap \">R<\/span>elaci\u00f3n de programas de estudios, sus horarios y procesos de matr\u00edcula<\/a>\n\t\t\t<\/div>\n\t\t<\/div>\n\t<\/strong><\/p>\n<p><strong>\n\t\t<div class=\"clearfix\"><\/div>\n\t\t<div class=\"toggle tie-sc-close\">\n\t\t\t<h3 class=\"toggle-head\">Periodo de vigencia de su licenciamiento <span class=\"fa fa-angle-down\" aria-hidden=\"true\"><\/span><\/h3>\n\t\t\t<div class=\"toggle-content\"> <a href=\"https:\/\/eespquillabambaedupe.sharepoint.com\/:b:\/g\/EZfIuG3h9XFJlM_JCZH_gugBaxJ5jEWuCPzC9wBDtOwp-Q\"><span class=\"tie-dropcap \">P<\/span>eriodo de vigencia de su licenciamiento<\/a>\n\t\t\t<\/div>\n\t\t<\/div>\n\t<\/strong><\/p>\n<p><strong>\n\t\t<div class=\"clearfix\"><\/div>\n\t\t<div class=\"toggle tie-sc-close\">\n\t\t\t<h3 class=\"toggle-head\">Estatuto o Reglamento Institucional <span class=\"fa fa-angle-down\" aria-hidden=\"true\"><\/span><\/h3>\n\t\t\t<div class=\"toggle-content\"> <a href=\"https:\/\/drive.google.com\/file\/d\/1lFueveW6TUo9Cae6FyikEl7FKG4fRvxO\/view?usp=drive_link\"><span class=\"tie-dropcap \">E<\/span>l estatuto o reglamento institucional<\/a>\n\t\t\t<\/div>\n\t\t<\/div>\n\t<\/strong><\/p>\n<p><strong>\n\t\t<div class=\"clearfix\"><\/div>\n\t\t<div class=\"toggle tie-sc-close\">\n\t\t\t<h3 class=\"toggle-head\">Inversiones, reinversiones, donaciones, obras de infraestructura <span class=\"fa fa-angle-down\" aria-hidden=\"true\"><\/span><\/h3>\n\t\t\t<div class=\"toggle-content\"> <a href=\"https:\/\/drive.google.com\/file\/d\/1n8zBV5MJfiXM1YbPZdgBhXCvraEahXAD\/view?usp=sharing\"><span class=\"tie-dropcap \">I<\/span>nversiones, reinversiones, donaciones, obras de infraestructura, recursos de diversa fuente, entre otros, para IES y EES p\u00fablicos.<\/a>\n\t\t\t<\/div>\n\t\t<\/div>\n\t<\/strong><\/p>\n<p><strong>\n\t\t<div class=\"clearfix\"><\/div>\n\t\t<div class=\"toggle tie-sc-close\">\n\t\t\t<h3 class=\"toggle-head\">Texto Unico de Procedimientos Administrativos <span class=\"fa fa-angle-down\" aria-hidden=\"true\"><\/span><\/h3>\n\t\t\t<div class=\"toggle-content\"> <a href=\"https:\/\/drive.google.com\/file\/d\/1xGzI4ESPkGeshECWiUcRrSJH1WY0_euB\/view?usp=sharing\"><span class=\"tie-dropcap \">E<\/span>l texto \u00fanico de procedimientos administrativos para IES y EES p\u00fablicos<\/a>\n\t\t\t<\/div>\n\t\t<\/div>\n\t<\/strong><\/p>\n\n\t\t<div class=\"clearfix\"><\/div>\n\t\t<div class=\"toggle tie-sc-close\">\n\t\t\t<h3 class=\"toggle-head\">Resoluciones 2026 <span class=\"fa fa-angle-down\" aria-hidden=\"true\"><\/span><\/h3>\n\t\t\t<div class=\"toggle-content\"> <span class=\"tie-dropcap \"><a href=\"http:\/\/eespquillabamba.edu.pe\/wp-content\/uploads\/2026\/02\/Comite-de-Evaluacion-2026.pdf\">R<\/span>esoluciones 2026<\/a>\n\t\t\t<\/div>\n\t\t<\/div>\n\t\n<\/div><\/div>\n","protected":false},"excerpt":{"rendered":"<p>Art\u00edculo 42. Transparencia de los IES y EES p\u00fablicos y privados. Rubros<\/p>\n","protected":false},"author":1,"featured_media":0,"parent":0,"menu_order":0,"comment_status":"closed","ping_status":"closed","template":"","meta":{"footnotes":""},"class_list":["post-2783","page","type-page","status-publish","hentry"],"_links":{"self":[{"href":"https:\/\/eespquillabamba.edu.pe\/index.php\/wp-json\/wp\/v2\/pages\/2783","targetHints":{"allow":["GET"]}}],"collection":[{"href":"https:\/\/eespquillabamba.edu.pe\/index.php\/wp-json\/wp\/v2\/pages"}],"about":[{"href":"https:\/\/eespquillabamba.edu.pe\/index.php\/wp-json\/wp\/v2\/types\/page"}],"author":[{"embeddable":true,"href":"https:\/\/eespquillabamba.edu.pe\/index.php\/wp-json\/wp\/v2\/users\/1"}],"replies":[{"embeddable":true,"href":"https:\/\/eespquillabamba.edu.pe\/index.php\/wp-json\/wp\/v2\/comments?post=2783"}],"version-history":[{"count":119,"href":"https:\/\/eespquillabamba.edu.pe\/index.php\/wp-json\/wp\/v2\/pages\/2783\/revisions"}],"predecessor-version":[{"id":4003,"href":"https:\/\/eespquillabamba.edu.pe\/index.php\/wp-json\/wp\/v2\/pages\/2783\/revisions\/4003"}],"wp:attachment":[{"href":"https:\/\/eespquillabamba.edu.pe\/index.php\/wp-json\/wp\/v2\/media?parent=2783"}],"curies":[{"name":"wp","href":"https:\/\/api.w.org\/{rel}","templated":true}]}}