{"id":2004,"date":"2022-06-23T19:40:38","date_gmt":"2022-06-24T00:40:38","guid":{"rendered":"http:\/\/iquillabamba-001-site1.gtempurl.com\/?page_id=2004"},"modified":"2025-08-04T09:06:16","modified_gmt":"2025-08-04T14:06:16","slug":"bolsa-de-trabajo","status":"publish","type":"page","link":"https:\/\/eespquillabamba.edu.pe\/index.php\/bolsa-de-trabajo\/","title":{"rendered":"Bolsa de Trabajo 2024"},"content":{"rendered":"\n<h1 class=\"wp-block-heading\">Beneficio <\/h1>\n\n\n\n<p>Nos comprometemos en tu desarrollo profesional para que puedas vencer todas las dificultades en el camino y puedas cumplir tus metas en el campo laboral, asesor\u00e1ndote en la b\u00fasqueda de tus pr\u00e1cticas y oportunidad de trabajo para que te puedas formar en la carrera elegida.<\/p>\n\n\n\n<p><strong>1. Alumnos (trabajan y estudian) &#8211; Seg\u00fan Censo Laboral 2018.<\/strong><\/p>\n\n\n\n<ul class=\"wp-block-list\"><li>&#8211; 72% de nuestros alumnos trabajan antes de egresar.<\/li><li>&#8211; Sueldo promedio: S\/.1030.00 (Sueldo Bruto \u2013 En base a estudiantes de Carreras y CGT)<\/li><\/ul>\n\n\n\n<p>Fuente: Censo Laboral 2018<\/p>\n\n\n\n<p><strong>2. En Egresados &#8211; Seg\u00fan Estudio de Empleabilidad de Ipsos 2019.<\/strong><\/p>\n\n\n\n<ul class=\"wp-block-list\"><li>&#8211; Ratio de empleabilidad: 72%<\/li><li>&#8211; Sueldos promedios: S\/. 1454.00 (Sueldo Bruto &#8211; En base a estudiantes de Carreras)<\/li><li>&#8211;&nbsp;Porcentajes de egresados que trabajan en Grupo Intercorp: 5 %<\/li><\/ul>\n\n\n\n<p>Fuente: Empleabilidad de Ipsos 2019<\/p>\n\n\n\n<p><strong>3.&nbsp;A nivel comparativo<\/strong><\/p>\n\n\n\n<ul class=\"wp-block-list\"><li>&#8211;&nbsp;Empresas Aliadas: 2368 (Publican en Bolsa de Empleo).<\/li><li>&#8211; \u00bfC\u00f3mo califican las empresas empleadoras a nuestros estudiantes? : 4.8\/5 (Seg\u00fan Encuesta a Empleadores 2019).<\/li><li>&#8211; Numero de estudiantes que obtuvieron empleo a trav\u00e9s del \u00e1rea de Empleabilidad (Enero a Mayo 2019): 175 estudiantes<\/li><\/ul>\n","protected":false},"excerpt":{"rendered":"<p>Beneficio Nos comprometemos en tu desarrollo profesional para que puedas vencer todas las dificultades en el camino y puedas cumplir tus metas en el campo laboral, asesor\u00e1ndote en la b\u00fasqueda de tus pr\u00e1cticas y oportunidad de trabajo para que te puedas formar en la carrera elegida. 1. Alumnos (trabajan y estudian) &#8211; Seg\u00fan Censo Laboral &hellip;<\/p>\n","protected":false},"author":1,"featured_media":0,"parent":0,"menu_order":0,"comment_status":"closed","ping_status":"closed","template":"","meta":{"footnotes":""},"class_list":["post-2004","page","type-page","status-publish","hentry"],"_links":{"self":[{"href":"https:\/\/eespquillabamba.edu.pe\/index.php\/wp-json\/wp\/v2\/pages\/2004","targetHints":{"allow":["GET"]}}],"collection":[{"href":"https:\/\/eespquillabamba.edu.pe\/index.php\/wp-json\/wp\/v2\/pages"}],"about":[{"href":"https:\/\/eespquillabamba.edu.pe\/index.php\/wp-json\/wp\/v2\/types\/page"}],"author":[{"embeddable":true,"href":"https:\/\/eespquillabamba.edu.pe\/index.php\/wp-json\/wp\/v2\/users\/1"}],"replies":[{"embeddable":true,"href":"https:\/\/eespquillabamba.edu.pe\/index.php\/wp-json\/wp\/v2\/comments?post=2004"}],"version-history":[{"count":2,"href":"https:\/\/eespquillabamba.edu.pe\/index.php\/wp-json\/wp\/v2\/pages\/2004\/revisions"}],"predecessor-version":[{"id":3686,"href":"https:\/\/eespquillabamba.edu.pe\/index.php\/wp-json\/wp\/v2\/pages\/2004\/revisions\/3686"}],"wp:attachment":[{"href":"https:\/\/eespquillabamba.edu.pe\/index.php\/wp-json\/wp\/v2\/media?parent=2004"}],"curies":[{"name":"wp","href":"https:\/\/api.w.org\/{rel}","templated":true}]}}