{"id":2002,"date":"2022-06-23T19:39:44","date_gmt":"2022-06-24T00:39:44","guid":{"rendered":"http:\/\/iquillabamba-001-site1.gtempurl.com\/?page_id=2002"},"modified":"2022-07-11T10:30:02","modified_gmt":"2022-07-11T15:30:02","slug":"psicologia","status":"publish","type":"page","link":"https:\/\/eespquillabamba.edu.pe\/index.php\/psicologia\/","title":{"rendered":"Psicolog\u00eda"},"content":{"rendered":"\n<h2 class=\"wp-block-heading\">Consultorio Psicol\u00f3gico<\/h2>\n\n\n\n<p>El consultorio psicol\u00f3gico, forma parte de los servicios de la Oficina General de Bienestar Universitario, y tiene como finalidad brindar asistencia psicol\u00f3gica a los miembros de la colectividad, con la intenci\u00f3n de preservar la salud mental.<\/p>\n\n\n\n<p>Nuestro consultorio ofrece una atenci\u00f3n integral, poniendo \u00e9nfasis en las necesidades psicol\u00f3gicas de nuestros estudiantes, para que puedan enfrentar sus problemas con una actitud positiva y logren, de esta manera, un estado de equilibrio interno que les permita interactuar arm\u00f3nicamente con el mundo.<\/p>\n\n\n\n<p><strong>Objetivos<\/strong><\/p>\n\n\n\n<p><strong>Objetivo General:<\/strong><\/p>\n\n\n\n<p>Ofrecer a la comunidad los espacios que favorezcan la prevenci\u00f3n y atenci\u00f3n de problemas psicol\u00f3gicos, para mantener un estado deseable de salud mental y alcanzar el desarrollo personal.<\/p>\n\n\n\n<p><strong>Objetivos Espec\u00edficos:<\/strong><\/p>\n\n\n\n<ul class=\"wp-block-list\"><li>Brindar atenci\u00f3n individual a las personas, abordando sus problemas y necesidades con un enfoque multidimensional, hol\u00edstico y no directivo, que permita orientarlos en la soluci\u00f3n de sus dificultades.<\/li><li>Dar atenci\u00f3n grupal al estudiantado con el objetivo de promocionar la pr\u00e1ctica de conductas positivas, contribuyendo al crecimiento colectivo y al mejoramiento del clima institucional.<\/li><li>Atender los requerimientos de la ciudadan\u00eda en general, cumpliendo con el prop\u00f3sito de la proyecci\u00f3n a la comunidad.<\/li><\/ul>\n\n\n\n<p><strong>Servicios<\/strong><\/p>\n\n\n\n<ol class=\"wp-block-list\"><li>Asesoramiento y orientaci\u00f3n psicol\u00f3gica.<\/li><li>Evaluaciones psicol\u00f3gicas<\/li><li>Atenci\u00f3n Individual y grupal.<\/li><li>Orientaci\u00f3n vocacional<\/li><li>Programas de Prevenci\u00f3n y Promoci\u00f3n de la Salud Mental:<\/li><\/ol>\n\n\n\n<ul class=\"wp-block-list\"><li>Programa de Habilidades Sociales<\/li><li>Programa Educativo de Prevenci\u00f3n de Adicciones<\/li><li>Programa de H\u00e1bitos de Estudios<\/li><li>Programa de Sexualidad y Amor Saludable<\/li><li>Programa de Orientaci\u00f3n y Reorientaci\u00f3n Vocacional<\/li><li>Programa de Tutor\u00eda y Consejer\u00eda (dirigido a Docentes y alumnos)<\/li><li>Programa de Preparaci\u00f3n para la Inserci\u00f3n laboral (dirigido a alumnos de \u00faltimos ciclos)<\/li><\/ul>\n","protected":false},"excerpt":{"rendered":"<p>Consultorio Psicol\u00f3gico El consultorio psicol\u00f3gico, forma parte de los servicios de la Oficina General de Bienestar Universitario, y tiene como finalidad brindar asistencia psicol\u00f3gica a los miembros de la colectividad, con la intenci\u00f3n de preservar la salud mental. Nuestro consultorio ofrece una atenci\u00f3n integral, poniendo \u00e9nfasis en las necesidades psicol\u00f3gicas de nuestros estudiantes, para que &hellip;<\/p>\n","protected":false},"author":1,"featured_media":0,"parent":0,"menu_order":0,"comment_status":"closed","ping_status":"closed","template":"","meta":{"footnotes":""},"class_list":["post-2002","page","type-page","status-publish","hentry"],"_links":{"self":[{"href":"https:\/\/eespquillabamba.edu.pe\/index.php\/wp-json\/wp\/v2\/pages\/2002","targetHints":{"allow":["GET"]}}],"collection":[{"href":"https:\/\/eespquillabamba.edu.pe\/index.php\/wp-json\/wp\/v2\/pages"}],"about":[{"href":"https:\/\/eespquillabamba.edu.pe\/index.php\/wp-json\/wp\/v2\/types\/page"}],"author":[{"embeddable":true,"href":"https:\/\/eespquillabamba.edu.pe\/index.php\/wp-json\/wp\/v2\/users\/1"}],"replies":[{"embeddable":true,"href":"https:\/\/eespquillabamba.edu.pe\/index.php\/wp-json\/wp\/v2\/comments?post=2002"}],"version-history":[{"count":2,"href":"https:\/\/eespquillabamba.edu.pe\/index.php\/wp-json\/wp\/v2\/pages\/2002\/revisions"}],"predecessor-version":[{"id":2391,"href":"https:\/\/eespquillabamba.edu.pe\/index.php\/wp-json\/wp\/v2\/pages\/2002\/revisions\/2391"}],"wp:attachment":[{"href":"https:\/\/eespquillabamba.edu.pe\/index.php\/wp-json\/wp\/v2\/media?parent=2002"}],"curies":[{"name":"wp","href":"https:\/\/api.w.org\/{rel}","templated":true}]}}