{"id":1998,"date":"2022-06-23T19:38:31","date_gmt":"2022-06-24T00:38:31","guid":{"rendered":"http:\/\/iquillabamba-001-site1.gtempurl.com\/?page_id=1998"},"modified":"2022-06-23T19:38:31","modified_gmt":"2022-06-24T00:38:31","slug":"asesoria-academica","status":"publish","type":"page","link":"https:\/\/eespquillabamba.edu.pe\/index.php\/asesoria-academica\/","title":{"rendered":"Asesor\u00eda Acad\u00e9mica"},"content":{"rendered":"\n<p id=\"screen-reader-main-title\">Asesor\u00eda acad\u00e9mica: un recurso para los estudiantes que presentan el examen extraordinario de Educaci\u00f3n Inicial y Educaci\u00f3n primaria<\/p>\n","protected":false},"excerpt":{"rendered":"<p>Asesor\u00eda acad\u00e9mica: un recurso para los estudiantes que presentan el examen extraordinario de Educaci\u00f3n Inicial y Educaci\u00f3n primaria<\/p>\n","protected":false},"author":1,"featured_media":0,"parent":0,"menu_order":0,"comment_status":"closed","ping_status":"closed","template":"","meta":{"footnotes":""},"class_list":["post-1998","page","type-page","status-publish","hentry"],"_links":{"self":[{"href":"https:\/\/eespquillabamba.edu.pe\/index.php\/wp-json\/wp\/v2\/pages\/1998","targetHints":{"allow":["GET"]}}],"collection":[{"href":"https:\/\/eespquillabamba.edu.pe\/index.php\/wp-json\/wp\/v2\/pages"}],"about":[{"href":"https:\/\/eespquillabamba.edu.pe\/index.php\/wp-json\/wp\/v2\/types\/page"}],"author":[{"embeddable":true,"href":"https:\/\/eespquillabamba.edu.pe\/index.php\/wp-json\/wp\/v2\/users\/1"}],"replies":[{"embeddable":true,"href":"https:\/\/eespquillabamba.edu.pe\/index.php\/wp-json\/wp\/v2\/comments?post=1998"}],"version-history":[{"count":1,"href":"https:\/\/eespquillabamba.edu.pe\/index.php\/wp-json\/wp\/v2\/pages\/1998\/revisions"}],"predecessor-version":[{"id":1999,"href":"https:\/\/eespquillabamba.edu.pe\/index.php\/wp-json\/wp\/v2\/pages\/1998\/revisions\/1999"}],"wp:attachment":[{"href":"https:\/\/eespquillabamba.edu.pe\/index.php\/wp-json\/wp\/v2\/media?parent=1998"}],"curies":[{"name":"wp","href":"https:\/\/api.w.org\/{rel}","templated":true}]}}