{"id":1996,"date":"2022-06-23T19:37:39","date_gmt":"2022-06-24T00:37:39","guid":{"rendered":"http:\/\/iquillabamba-001-site1.gtempurl.com\/?page_id=1996"},"modified":"2022-07-11T10:28:07","modified_gmt":"2022-07-11T15:28:07","slug":"asistencia-social","status":"publish","type":"page","link":"https:\/\/eespquillabamba.edu.pe\/index.php\/asistencia-social\/","title":{"rendered":"Asistencia Social"},"content":{"rendered":"\n<p><strong>CENTRO DE RECURSOS<\/strong><\/p>\n\n\n\n<p>Ofrece a estudiantes y profesores tener acceso a diversos materiales educativos que optimizan las estrategias de aprendizaje en los centros educativos donde se realizan diferentes pr\u00e1cticas profesionales.<\/p>\n\n\n\n<p><strong>SERVICIO DE ASISTENCIA SOCIAL<\/strong><\/p>\n\n\n\n<p>El \u00e1rea de Trabajo Social brinda atenci\u00f3n directa y personalizada a la comunidad estudiantil del Instituto Superior Pedag\u00f3gico P\u00fablico, minimizando los problemas que el estudiante afronta a lo largo del a\u00f1o acad\u00e9mico, los cuales generalmente se agrupan en aspectos de salud, econ\u00f3mico, conflictos familiares, acad\u00e9mico y otros que pueden afectar su adecuado desenvolvimiento intelectual. Para ello, busca y canaliza recursos reorient\u00e1ndolos hacia el bienestar integral del alumno.<\/p>\n\n\n\n<p>Objetivos:<\/p>\n\n\n\n<ul class=\"wp-block-list\"><li>Promover y garantizar condiciones favorables del entorno social del alumno, para su mejor preparaci\u00f3n y rendimiento.<\/li><li>Implementar el programa de apoyo asistencial en aspectos de salud, nutrici\u00f3n y orientaci\u00f3n a la comunidad estudiantil.<\/li><\/ul>\n\n\n\n<p>Metas:<\/p>\n\n\n\n<ul class=\"wp-block-list\"><li>Estudio de solicitudes para becas o medias becas de los alumnos que se encuentren en condiciones de moderada o extrema pobreza.<\/li><li>Atender el 85% de los casos identificados que presenten problemas de salud, econ\u00f3micos, conflictos familiares y otros.<\/li><li>Apoyar a la Junta Directiva del Fondo de Asistencia Social (F.A.S.) en la atenci\u00f3n de los casos de emergencia de salud, desgracia y\/o fallecimiento de alumnos.<\/li><li>Otorgar tres raciones diarias de almuerzo.<\/li><li>Activar el funcionamiento del Servicio de Primeros Auxilios.<\/li><li>Desarrollar campa\u00f1as preventivas promocionales de Salud para el personal y alumnado.<\/li><li>Aplicar fichas socioecon\u00f3micas familiares al personal y alumnos ingresantes del ISPP<\/li><li>Realizar visitas domiciliarias u otros de acuerdo a los requerimientos.<\/li><\/ul>\n","protected":false},"excerpt":{"rendered":"<p>CENTRO DE RECURSOS Ofrece a estudiantes y profesores tener acceso a diversos materiales educativos que optimizan las estrategias de aprendizaje en los centros educativos donde se realizan diferentes pr\u00e1cticas profesionales. SERVICIO DE ASISTENCIA SOCIAL El \u00e1rea de Trabajo Social brinda atenci\u00f3n directa y personalizada a la comunidad estudiantil del Instituto Superior Pedag\u00f3gico P\u00fablico, minimizando los &hellip;<\/p>\n","protected":false},"author":1,"featured_media":0,"parent":0,"menu_order":0,"comment_status":"closed","ping_status":"closed","template":"","meta":{"footnotes":""},"class_list":["post-1996","page","type-page","status-publish","hentry"],"_links":{"self":[{"href":"https:\/\/eespquillabamba.edu.pe\/index.php\/wp-json\/wp\/v2\/pages\/1996","targetHints":{"allow":["GET"]}}],"collection":[{"href":"https:\/\/eespquillabamba.edu.pe\/index.php\/wp-json\/wp\/v2\/pages"}],"about":[{"href":"https:\/\/eespquillabamba.edu.pe\/index.php\/wp-json\/wp\/v2\/types\/page"}],"author":[{"embeddable":true,"href":"https:\/\/eespquillabamba.edu.pe\/index.php\/wp-json\/wp\/v2\/users\/1"}],"replies":[{"embeddable":true,"href":"https:\/\/eespquillabamba.edu.pe\/index.php\/wp-json\/wp\/v2\/comments?post=1996"}],"version-history":[{"count":2,"href":"https:\/\/eespquillabamba.edu.pe\/index.php\/wp-json\/wp\/v2\/pages\/1996\/revisions"}],"predecessor-version":[{"id":2389,"href":"https:\/\/eespquillabamba.edu.pe\/index.php\/wp-json\/wp\/v2\/pages\/1996\/revisions\/2389"}],"wp:attachment":[{"href":"https:\/\/eespquillabamba.edu.pe\/index.php\/wp-json\/wp\/v2\/media?parent=1996"}],"curies":[{"name":"wp","href":"https:\/\/api.w.org\/{rel}","templated":true}]}}