{"id":1837,"date":"2022-06-08T18:13:25","date_gmt":"2022-06-08T23:13:25","guid":{"rendered":"http:\/\/iquillabamba-001-site1.gtempurl.com\/?page_id=1837"},"modified":"2022-07-18T12:47:59","modified_gmt":"2022-07-18T17:47:59","slug":"educacion-primaria","status":"publish","type":"page","link":"https:\/\/eespquillabamba.edu.pe\/index.php\/educacion-primaria\/","title":{"rendered":"Educaci\u00f3n Primaria"},"content":{"rendered":"<div class=\"wp-block-image is-style-default\">\n<figure class=\"aligncenter size-large\"><img loading=\"lazy\" decoding=\"async\" width=\"1024\" height=\"327\" src=\"https:\/\/eespquillabamba.edu.pe\/wp-content\/uploads\/2022\/07\/primaria-web-1024x327.jpg\" alt=\"\" class=\"wp-image-2561\" srcset=\"https:\/\/eespquillabamba.edu.pe\/wp-content\/uploads\/2022\/07\/primaria-web-1024x327.jpg 1024w, https:\/\/eespquillabamba.edu.pe\/wp-content\/uploads\/2022\/07\/primaria-web-300x96.jpg 300w, https:\/\/eespquillabamba.edu.pe\/wp-content\/uploads\/2022\/07\/primaria-web-768x245.jpg 768w, https:\/\/eespquillabamba.edu.pe\/wp-content\/uploads\/2022\/07\/primaria-web-1536x491.jpg 1536w, https:\/\/eespquillabamba.edu.pe\/wp-content\/uploads\/2022\/07\/primaria-web-2048x654.jpg 2048w\" sizes=\"auto, (max-width: 1024px) 100vw, 1024px\" \/><\/figure>\n<\/div>\n\n\n<h4 class=\"wp-block-heading\">Acerca de la Carrera<\/h4>\n\n\n\n<p>El maestro de&nbsp;<strong>Educaci\u00f3n Primaria<\/strong>&nbsp;es formado para promover aprendizajes en los estudiantes de 6 a 12 a\u00f1os, aplicando enfoques educativos vigentes para lograr la equidad, inclusi\u00f3n e interculturalidad desde una perspectiva humanista.<\/p>\n\n\n\n<p>El Programa de Estudios de Educaci\u00f3n Primaria promueve el desarrollo de las habilidades l\u00f3gico-matem\u00e1ticas, comunicativas, art\u00edsticas, psicomotrices, cient\u00edficas, tecnol\u00f3gicas y desarrollo personal social con la finalidad de formar ni\u00f1os y ni\u00f1as que respondan a las demandas del contexto.<\/p>\n\n\n\n<p>El futuro docente del Programa de Estudios se prepara para dise\u00f1ar, conducir y evaluar planes y proyectos de intervenci\u00f3n pedag\u00f3gica para atender las necesidades e intereses de los estudiantes con el fin de promover la autonom\u00eda, la convivencia, el respeto y la identidad en ni\u00f1os y ni\u00f1as. Tambi\u00e9n se realizan visitas de estudio, proyectos de investigaci\u00f3n y actividades de promoci\u00f3n social, para favorecer el desarrollo integral del futuro docente y responder a las exigencias del contexto sociocultural con liderazgo pedag\u00f3gico y compromiso \u00e9tico.<\/p>\n\n\n\n<h4 class=\"wp-block-heading\">Perfil del egresado<\/h4>\n\n\n\n<p>\u201cEl Perfil de egreso de la Formaci\u00f3n Inicial Docente es la visi\u00f3n com\u00fan e integral de las competencias profesionales docentes que deben desarrollar los estudiantes progresivamente durante el proceso formativo para ejercer id\u00f3neamente la docencia. El Perfil de egreso permite establecer una formaci\u00f3n integral especializada basada en la pr\u00e1ctica, investigaci\u00f3n e innovaci\u00f3n, que busca garantizar el desarrollo de competencias en los estudiantes para desenvolverse de manera \u00e9tica, eficiente y eficaz en su pr\u00e1ctica docente, respondiendo a las demandas del sistema educativo.\u201d<\/p>\n\n\n<div class=\"wp-block-image\">\n<figure class=\"aligncenter size-large\"><img loading=\"lazy\" decoding=\"async\" width=\"1024\" height=\"583\" src=\"https:\/\/eespquillabamba.edu.pe\/wp-content\/uploads\/2022\/07\/perfil-de-egreso-1024x583.png\" alt=\"\" class=\"wp-image-2566\" srcset=\"https:\/\/eespquillabamba.edu.pe\/wp-content\/uploads\/2022\/07\/perfil-de-egreso-1024x583.png 1024w, https:\/\/eespquillabamba.edu.pe\/wp-content\/uploads\/2022\/07\/perfil-de-egreso-300x171.png 300w, https:\/\/eespquillabamba.edu.pe\/wp-content\/uploads\/2022\/07\/perfil-de-egreso-768x437.png 768w, https:\/\/eespquillabamba.edu.pe\/wp-content\/uploads\/2022\/07\/perfil-de-egreso.png 1260w\" sizes=\"auto, (max-width: 1024px) 100vw, 1024px\" \/><\/figure>\n<\/div>\n\n\n<h2 class=\"wp-block-heading\">Duraci\u00f3n de Estudios<\/h2>\n\n\n\n<p>La duraci\u00f3n es de 10 ciclos acad\u00e9micos.<\/p>\n\n\n\n<h2 class=\"wp-block-heading\">Grado y T\u00edtulo a Otorgar<\/h2>\n\n\n\n<p><strong>Grado acad\u00e9mico:<\/strong>&nbsp;Bachiller en Educaci\u00f3n.<\/p>\n\n\n\n<p><strong>T\u00edtulo profesional:<\/strong>&nbsp;Licenciado en Educaci\u00f3n: Programa de Educaci\u00f3n Primaria.<\/p>\n\n\n\n<h2 class=\"wp-block-heading\">Plan de Estudios de Educaci\u00f3n Primaria<\/h2>\n\n\n\n<div data-wp-interactive=\"core\/file\" class=\"wp-block-file\"><object data-wp-bind--hidden=\"!state.hasPdfPreview\" hidden class=\"wp-block-file__embed\" data=\"https:\/\/eespquillabamba.edu.pe\/wp-content\/uploads\/2022\/07\/plan-de-estudios-ep.pdf\" type=\"application\/pdf\" style=\"width:100%;height:490px\" aria-label=\"Incrustado de Incrustado de plan-de-estudios-ep..\"><\/object><a id=\"wp-block-file--media-fcdcd0ac-973a-4542-9ea1-222485405888\" href=\"https:\/\/eespquillabamba.edu.pe\/wp-content\/uploads\/2022\/07\/plan-de-estudios-ep.pdf\">plan-de-estudios-ep<\/a><a href=\"https:\/\/eespquillabamba.edu.pe\/wp-content\/uploads\/2022\/07\/plan-de-estudios-ep.pdf\" class=\"wp-block-file__button\" download aria-describedby=\"wp-block-file--media-fcdcd0ac-973a-4542-9ea1-222485405888\">Descargar<\/a><\/div>\n","protected":false},"excerpt":{"rendered":"<p>Acerca de la Carrera El maestro de&nbsp;Educaci\u00f3n Primaria&nbsp;es formado para promover aprendizajes en los estudiantes de 6 a 12 a\u00f1os, aplicando enfoques educativos vigentes para lograr la equidad, inclusi\u00f3n e interculturalidad desde una perspectiva humanista. El Programa de Estudios de Educaci\u00f3n Primaria promueve el desarrollo de las habilidades l\u00f3gico-matem\u00e1ticas, comunicativas, art\u00edsticas, psicomotrices, cient\u00edficas, tecnol\u00f3gicas y &hellip;<\/p>\n","protected":false},"author":1,"featured_media":0,"parent":0,"menu_order":0,"comment_status":"closed","ping_status":"closed","template":"","meta":{"footnotes":""},"class_list":["post-1837","page","type-page","status-publish","hentry"],"_links":{"self":[{"href":"https:\/\/eespquillabamba.edu.pe\/index.php\/wp-json\/wp\/v2\/pages\/1837","targetHints":{"allow":["GET"]}}],"collection":[{"href":"https:\/\/eespquillabamba.edu.pe\/index.php\/wp-json\/wp\/v2\/pages"}],"about":[{"href":"https:\/\/eespquillabamba.edu.pe\/index.php\/wp-json\/wp\/v2\/types\/page"}],"author":[{"embeddable":true,"href":"https:\/\/eespquillabamba.edu.pe\/index.php\/wp-json\/wp\/v2\/users\/1"}],"replies":[{"embeddable":true,"href":"https:\/\/eespquillabamba.edu.pe\/index.php\/wp-json\/wp\/v2\/comments?post=1837"}],"version-history":[{"count":10,"href":"https:\/\/eespquillabamba.edu.pe\/index.php\/wp-json\/wp\/v2\/pages\/1837\/revisions"}],"predecessor-version":[{"id":2574,"href":"https:\/\/eespquillabamba.edu.pe\/index.php\/wp-json\/wp\/v2\/pages\/1837\/revisions\/2574"}],"wp:attachment":[{"href":"https:\/\/eespquillabamba.edu.pe\/index.php\/wp-json\/wp\/v2\/media?parent=1837"}],"curies":[{"name":"wp","href":"https:\/\/api.w.org\/{rel}","templated":true}]}}