{"id":1827,"date":"2022-06-08T18:04:01","date_gmt":"2022-06-08T23:04:01","guid":{"rendered":"http:\/\/iquillabamba-001-site1.gtempurl.com\/?page_id=1827"},"modified":"2025-10-24T10:26:18","modified_gmt":"2025-10-24T15:26:18","slug":"resolucion-de-revalidacion","status":"publish","type":"page","link":"https:\/\/eespquillabamba.edu.pe\/index.php\/resolucion-de-revalidacion\/","title":{"rendered":"Documentaci\u00f3n Legal"},"content":{"rendered":"\n<p><strong>Resoluci\u00f3n de Revalidaci\u00f3n<\/strong><\/p>\n\n\n\n<div class=\"wp-block-columns is-layout-flex wp-container-core-columns-is-layout-9d6595d7 wp-block-columns-is-layout-flex\">\n<div class=\"wp-block-column is-layout-flow wp-block-column-is-layout-flow\" style=\"flex-basis:100%\">\n<div class=\"wp-block-group\"><div class=\"wp-block-group__inner-container is-layout-flow wp-block-group-is-layout-flow\">\n<div data-wp-interactive=\"core\/file\" class=\"wp-block-file aligncenter\"><object data-wp-bind--hidden=\"!state.hasPdfPreview\" hidden class=\"wp-block-file__embed\" data=\"https:\/\/eespquillabamba.edu.pe\/wp-content\/uploads\/2022\/07\/RD-229-2016-MINEDU-VMGP-DIGEDD-DIFOID.pdf\" type=\"application\/pdf\" style=\"width:100%;height:1070px\" aria-label=\"Incrustado de RD-229-2016-MINEDU-VMGP-DIGEDD-DIFOID.\"><\/object><a id=\"wp-block-file--media-80b0ad26-bf31-4564-84db-bf4671af2218\" href=\"https:\/\/eespquillabamba.edu.pe\/wp-content\/uploads\/2022\/07\/RD-229-2016-MINEDU-VMGP-DIGEDD-DIFOID.pdf\">RD-229-2016-MINEDU-VMGP-DIGEDD-DIFOID<\/a><a href=\"https:\/\/eespquillabamba.edu.pe\/wp-content\/uploads\/2022\/07\/RD-229-2016-MINEDU-VMGP-DIGEDD-DIFOID.pdf\" class=\"wp-block-file__button wp-element-button\" download aria-describedby=\"wp-block-file--media-80b0ad26-bf31-4564-84db-bf4671af2218\">Descargar<\/a><\/div>\n<\/div><\/div>\n<\/div>\n<\/div>\n\n\n\n<p><\/p>\n\n\n\n<p><strong>Decreto Supremo de Creaci\u00f3n <\/strong><\/p>\n\n\n\n<div data-wp-interactive=\"core\/file\" class=\"wp-block-file\"><object data-wp-bind--hidden=\"!state.hasPdfPreview\" hidden class=\"wp-block-file__embed\" data=\"https:\/\/eespquillabamba.edu.pe\/wp-content\/uploads\/2025\/10\/DECRETO-SUPREMO-CREACION.pdf\" type=\"application\/pdf\" style=\"width:100%;height:600px\" aria-label=\"Incrustado de DECRETO-SUPREMO-CREACION.\"><\/object><a id=\"wp-block-file--media-b994de40-b4a2-4166-a97b-5bab11777652\" href=\"https:\/\/eespquillabamba.edu.pe\/wp-content\/uploads\/2025\/10\/DECRETO-SUPREMO-CREACION.pdf\">DECRETO-SUPREMO-CREACION<\/a><a href=\"https:\/\/eespquillabamba.edu.pe\/wp-content\/uploads\/2025\/10\/DECRETO-SUPREMO-CREACION.pdf\" class=\"wp-block-file__button wp-element-button\" download aria-describedby=\"wp-block-file--media-b994de40-b4a2-4166-a97b-5bab11777652\">Descarga<\/a><\/div>\n","protected":false},"excerpt":{"rendered":"<p>Resoluci\u00f3n de Revalidaci\u00f3n RD-229-2016-MINEDU-VMGP-DIGEDD-DIFOIDDescargar Decreto Supremo de Creaci\u00f3n DECRETO-SUPREMO-CREACIONDescarga<\/p>\n","protected":false},"author":1,"featured_media":0,"parent":0,"menu_order":0,"comment_status":"closed","ping_status":"closed","template":"","meta":{"footnotes":""},"class_list":["post-1827","page","type-page","status-publish","hentry"],"_links":{"self":[{"href":"https:\/\/eespquillabamba.edu.pe\/index.php\/wp-json\/wp\/v2\/pages\/1827","targetHints":{"allow":["GET"]}}],"collection":[{"href":"https:\/\/eespquillabamba.edu.pe\/index.php\/wp-json\/wp\/v2\/pages"}],"about":[{"href":"https:\/\/eespquillabamba.edu.pe\/index.php\/wp-json\/wp\/v2\/types\/page"}],"author":[{"embeddable":true,"href":"https:\/\/eespquillabamba.edu.pe\/index.php\/wp-json\/wp\/v2\/users\/1"}],"replies":[{"embeddable":true,"href":"https:\/\/eespquillabamba.edu.pe\/index.php\/wp-json\/wp\/v2\/comments?post=1827"}],"version-history":[{"count":9,"href":"https:\/\/eespquillabamba.edu.pe\/index.php\/wp-json\/wp\/v2\/pages\/1827\/revisions"}],"predecessor-version":[{"id":3820,"href":"https:\/\/eespquillabamba.edu.pe\/index.php\/wp-json\/wp\/v2\/pages\/1827\/revisions\/3820"}],"wp:attachment":[{"href":"https:\/\/eespquillabamba.edu.pe\/index.php\/wp-json\/wp\/v2\/media?parent=1827"}],"curies":[{"name":"wp","href":"https:\/\/api.w.org\/{rel}","templated":true}]}}