{"id":1812,"date":"2022-06-08T17:44:58","date_gmt":"2022-06-08T22:44:58","guid":{"rendered":"http:\/\/iquillabamba-001-site1.gtempurl.com\/?page_id=1812"},"modified":"2026-02-02T00:05:12","modified_gmt":"2026-02-02T05:05:12","slug":"directorio-institucional","status":"publish","type":"page","link":"https:\/\/eespquillabamba.edu.pe\/index.php\/directorio-institucional\/","title":{"rendered":"Directorio Institucional"},"content":{"rendered":"\n<h2 class=\"wp-block-heading\">Correo Institucional<\/h2>\n\n\n\n<figure class=\"wp-block-table is-style-stripes\"><table><tbody><tr><td class=\"has-text-align-center\" data-align=\"center\"><br>Dr. Rolando Cespedes Vazquez<br>Director General<br>Correo <br>gestion@eespquillabamba.edu.pe<br> Telefono 918996684<br><\/td><\/tr><\/tbody><\/table><figcaption class=\"wp-element-caption\"> <\/figcaption><\/figure>\n\n\n\n<figure class=\"wp-block-table is-style-stripes\"><table><tbody><tr><td><strong>Mgt. Edy Karina Guevara Ortega<\/strong><br>Jefe de Unidad Acad\u00e9mica<br>eguevara@eespquillabamba.edu.pe<br><\/td><td><strong>Mgt. Jaime Escobar Claros<\/strong><br>Coordinador del \u00c1rea de Calidad<br>jescobar@eespquillabamba.edu.pe<br><\/td><\/tr><tr><td><strong>Mgt. Antenor Gamarra Orue<\/strong><br>Coordinador del Programa de Educaci\u00f3n Primaria<br>agamarra@eespquillabamba.edu.pe<br><\/td><td><strong>Dr. Felix Fernando Quispe Mamani<\/strong><br>Coordinador de la Unidad de Formaci\u00f3n Continua.<br>fquispe@eespquillabamba.edu.pe<br><\/td><\/tr><tr><td><strong>Dr. Yoni Nu\u00f1ez Huamantica<\/strong><br>Coordinador del \u00c1rea de Practica pre profesional e investigaci\u00f3n<br>ynunez@eespquillabamba.edu.pe<br><\/td><td><strong>Mgt. ELOY ZENON FLORES QUISPE<\/strong><br>Secretario Acad\u00e9mico<br>eflores@eespquillabamba.edu.pe<br><br><\/td><\/tr><tr><td><strong>Dr. Adolfo Mendoza Condori<\/strong><br>Jefe de la Unidad de Investigaci\u00f3n e innovaci\u00f3n<br>amendoza@eespquillabamba.edu.pe<br><\/td><td><strong>Mgt. Maria Soledad Luna Oros<\/strong><br>Jefe de la Unidad de Bienestar y Empleabilidad<br>sluna@eespquillabamba.edu.pe<br><\/td><\/tr><tr><td><strong>Prof. Hilda Llave Tapia<\/strong><br>Tesoreria<br>hllave@eespquillabamba.edu.pe<\/td><td><strong>Coordinaci\u00f3n de Local Pichari<\/strong><br>filialpichari@eespquillabamba.edu.pe<br><strong>Telefono 910961238<\/strong><\/td><\/tr><\/tbody><\/table><\/figure>\n\n\n\n\n\n<p><\/p>\n","protected":false},"excerpt":{"rendered":"<p>Correo Institucional Dr. Rolando Cespedes VazquezDirector GeneralCorreo gestion@eespquillabamba.edu.pe Telefono 918996684 Mgt. Edy Karina Guevara OrtegaJefe de Unidad Acad\u00e9micaeguevara@eespquillabamba.edu.peMgt. Jaime Escobar ClarosCoordinador del \u00c1rea de Calidadjescobar@eespquillabamba.edu.peMgt. Antenor Gamarra OrueCoordinador del Programa de Educaci\u00f3n Primariaagamarra@eespquillabamba.edu.peDr. Felix Fernando Quispe MamaniCoordinador de la Unidad de Formaci\u00f3n Continua.fquispe@eespquillabamba.edu.peDr. Yoni Nu\u00f1ez HuamanticaCoordinador del \u00c1rea de Practica pre profesional e investigaci\u00f3nynunez@eespquillabamba.edu.peMgt. ELOY &hellip;<\/p>\n","protected":false},"author":1,"featured_media":0,"parent":0,"menu_order":0,"comment_status":"closed","ping_status":"closed","template":"","meta":{"footnotes":""},"class_list":["post-1812","page","type-page","status-publish","hentry"],"_links":{"self":[{"href":"https:\/\/eespquillabamba.edu.pe\/index.php\/wp-json\/wp\/v2\/pages\/1812","targetHints":{"allow":["GET"]}}],"collection":[{"href":"https:\/\/eespquillabamba.edu.pe\/index.php\/wp-json\/wp\/v2\/pages"}],"about":[{"href":"https:\/\/eespquillabamba.edu.pe\/index.php\/wp-json\/wp\/v2\/types\/page"}],"author":[{"embeddable":true,"href":"https:\/\/eespquillabamba.edu.pe\/index.php\/wp-json\/wp\/v2\/users\/1"}],"replies":[{"embeddable":true,"href":"https:\/\/eespquillabamba.edu.pe\/index.php\/wp-json\/wp\/v2\/comments?post=1812"}],"version-history":[{"count":69,"href":"https:\/\/eespquillabamba.edu.pe\/index.php\/wp-json\/wp\/v2\/pages\/1812\/revisions"}],"predecessor-version":[{"id":3911,"href":"https:\/\/eespquillabamba.edu.pe\/index.php\/wp-json\/wp\/v2\/pages\/1812\/revisions\/3911"}],"wp:attachment":[{"href":"https:\/\/eespquillabamba.edu.pe\/index.php\/wp-json\/wp\/v2\/media?parent=1812"}],"curies":[{"name":"wp","href":"https:\/\/api.w.org\/{rel}","templated":true}]}}