{"id":1800,"date":"2022-06-08T17:33:59","date_gmt":"2022-06-08T22:33:59","guid":{"rendered":"http:\/\/iquillabamba-001-site1.gtempurl.com\/?page_id=1800"},"modified":"2024-10-14T08:18:16","modified_gmt":"2024-10-14T13:18:16","slug":"bienvenida","status":"publish","type":"page","link":"https:\/\/eespquillabamba.edu.pe\/index.php\/bienvenida\/","title":{"rendered":"Bienvenida"},"content":{"rendered":"\n<p><\/p>\n\n\n<div class=\"wp-block-image\">\n<figure class=\"aligncenter size-full is-resized\"><img loading=\"lazy\" decoding=\"async\" width=\"394\" height=\"411\" src=\"https:\/\/eespquillabamba.edu.pe\/wp-content\/uploads\/2024\/09\/image.png\" alt=\"\" class=\"wp-image-3424\" style=\"width:223px;height:auto\" srcset=\"https:\/\/eespquillabamba.edu.pe\/wp-content\/uploads\/2024\/09\/image.png 394w, https:\/\/eespquillabamba.edu.pe\/wp-content\/uploads\/2024\/09\/image-288x300.png 288w\" sizes=\"auto, (max-width: 394px) 100vw, 394px\" \/><figcaption class=\"wp-element-caption\"><strong><em>Dr. Rolando Cespedes Vazquez<br>Director General.<\/em><\/strong><\/figcaption><\/figure>\n<\/div>\n\n\n<p><strong>DESEO SALUDARLOS Y DARLES UNA C\u00c1LIDA BIENVENIDA:<\/strong><\/p>\n\n\n\n<p>De modo especial a los estudiantes y egresados de nuestra casa de estudios, a los docentes que se han impuesto la tarea m\u00e1s importante de la vida: ser educadores aut\u00f3nomos, libres de miedos y que saben levantarse del ego\u00edsmo, del consumismo, al vuelo valiente de la sencillez, la austeridad, la participaci\u00f3n y el servicio.<\/p>\n\n\n\n<p>Ustedes alumnos significan un gran reto para nuestra instituci\u00f3n, porque despu\u00e9s de cinco a\u00f1os de estudios queremos verlos graduados como los mejores maestros y maestras de nuestra provincia de La Convenci\u00f3n y del pa\u00eds, hombres y mujeres plenos de valores, poseedores de herramientas necesarias, para un trabajo educativo de calidad, con sus corazones llenos de los mejores sentimientos de entrega, aceptaci\u00f3n y cari\u00f1o por los ni\u00f1os y j\u00f3venes que el Per\u00fa les confiar\u00e1.<\/p>\n\n\n\n<p>No olviden, que ser maestro hoy es cuidar la vida, es buscar rutas nuevas para la paz, la equidad, la solidaridad y la interculturalidad. Es enfrentar contextos de desigualdad y pobreza, que es la condici\u00f3n de millares de ni\u00f1o\/as y adolescentes peruanos que tienen tan expuestas sus vidas. Sean artesanos de la justicia, dialogantes y disponibles a servir, a organizar y mantener la esperanza que hay en el pa\u00eds, potencien la alegr\u00eda que a\u00fan existe en el coraz\u00f3n del pueblo.<\/p>\n\n\n\n<p>Dios prepara para ustedes, un porvenir de paz y les regala un futuro de esperanza, que dios los bendiga siempre.<\/p>\n","protected":false},"excerpt":{"rendered":"<p>Dr. Rolando Cespedes VazquezDirector General. DESEO SALUDARLOS Y DARLES UNA C\u00c1LIDA BIENVENIDA: De modo especial a los estudiantes y egresados de nuestra casa de estudios, a los docentes que se han impuesto la tarea m\u00e1s importante de la vida: ser educadores aut\u00f3nomos, libres de miedos y que saben levantarse del ego\u00edsmo, del consumismo, al vuelo &hellip;<\/p>\n","protected":false},"author":1,"featured_media":0,"parent":0,"menu_order":0,"comment_status":"closed","ping_status":"closed","template":"","meta":{"footnotes":""},"class_list":["post-1800","page","type-page","status-publish","hentry"],"_links":{"self":[{"href":"https:\/\/eespquillabamba.edu.pe\/index.php\/wp-json\/wp\/v2\/pages\/1800","targetHints":{"allow":["GET"]}}],"collection":[{"href":"https:\/\/eespquillabamba.edu.pe\/index.php\/wp-json\/wp\/v2\/pages"}],"about":[{"href":"https:\/\/eespquillabamba.edu.pe\/index.php\/wp-json\/wp\/v2\/types\/page"}],"author":[{"embeddable":true,"href":"https:\/\/eespquillabamba.edu.pe\/index.php\/wp-json\/wp\/v2\/users\/1"}],"replies":[{"embeddable":true,"href":"https:\/\/eespquillabamba.edu.pe\/index.php\/wp-json\/wp\/v2\/comments?post=1800"}],"version-history":[{"count":10,"href":"https:\/\/eespquillabamba.edu.pe\/index.php\/wp-json\/wp\/v2\/pages\/1800\/revisions"}],"predecessor-version":[{"id":3430,"href":"https:\/\/eespquillabamba.edu.pe\/index.php\/wp-json\/wp\/v2\/pages\/1800\/revisions\/3430"}],"wp:attachment":[{"href":"https:\/\/eespquillabamba.edu.pe\/index.php\/wp-json\/wp\/v2\/media?parent=1800"}],"curies":[{"name":"wp","href":"https:\/\/api.w.org\/{rel}","templated":true}]}}